{"id":447,"date":"2026-02-08T19:43:11","date_gmt":"2026-02-08T18:43:11","guid":{"rendered":"https:\/\/www.sonmanxe.com\/?page_id=447"},"modified":"2026-03-21T19:15:51","modified_gmt":"2026-03-21T18:15:51","slug":"familia","status":"publish","type":"page","link":"https:\/\/www.sonmanxe.com\/de\/familia\/","title":{"rendered":"Familia"},"content":{"rendered":"<p>Actividades divertidas, accesibles y pensadas para disfrutar juntos. En los alrededores de Son Manx\u00e9 hay opciones para todas las edades, desde parque acu\u00e1ticos hasta cuevas impresionantes. <\/p>\n\n\n\n<p>Parques acu\u00e1ticos <\/p>\n\n\n\n<p>Palma Aquarium<\/p>\n\n\n\n<p>Un recorrido fascinante por el mundo marino, con t\u00faneles submarinos, zonas interactivas y espacios pensados para que los m\u00e1s peque\u00f1os aprendan mientras se divierten. <\/p>\n\n\n\n<p>Cuevas del Drach y Cuevas dels Hams <\/p>\n\n\n\n<p>Formaciones naturales espectaculares, lagos subterr\u00e1neos y un ambiente m\u00e1gico que sorprende a ni\u00f1os y adultos. Una visita imprescindible para descubrir la Mallorca subterr\u00e1nea. <\/p>\n\n\n\n<p>Mini safaris <\/p>\n\n\n\n<p>Espacios donde los ni\u00f1os pueden ver animales de cerca, aprender sobre la naturales y disfrutar de actividades al aire libre en un entorno seguro. <\/p>\n\n\n\n<p>Muy pronto podr\u00e1s ver recomendaciones detalladas, horarios, accesos, enlaces para que puedas adquirir las entradas y actividades para disfrutar en familia durante tu estancia.<\/p>\n\n\n\n<figure class=\"wp-block-table\"><table class=\"has-ast-global-color-8-color has-text-color has-link-color has-fixed-layout\"><thead><tr><th>Parques acu\u00e1ticos<\/th><th>Acuarios<\/th><th>Parques tem\u00e1ticos<\/th><th>Cuevas<\/th><\/tr><\/thead><tbody><tr><td><a href=\"https:\/\/www.aqualand.es\/elarenal\/\">Aqualand<\/a><\/td><td><a href=\"https:\/\/palmaaquarium.com\/?srsltid=AfmBOopzSoJv3ubfbo7WRs76bcQD4E4bZiixgdGRYyK7Sl63LE8Ndcb0\">Palma Aquarium<\/a><\/td><td><a href=\"https:\/\/mallorca.katmanduparks.com\/es\/\">Katmandu<\/a><\/td><td><a href=\"https:\/\/cuevasdelshams.com\/\">Cuevas dels Hams<\/a><\/td><\/tr><tr><td><a href=\"https:\/\/www.westernpark.com\/\">Westernpark<\/a><\/td><td><a href=\"https:\/\/www.marineland.es\/mallorca\/\">Marineland<\/a><\/td><td><a href=\"https:\/\/dinosaurland.es\/\">Dinosaurland<\/a><\/td><td><a href=\"https:\/\/www.cuevasdeldrach.com\/\">Cuevas del Drach<\/a><\/td><\/tr><tr><td><\/td><td><\/td><td><\/td><td><a href=\"https:\/\/www.cuevasdearta.com\/es\/\">Cuevas de Art\u00e1<\/a><\/td><\/tr><\/tbody><\/table><\/figure>\n\n\n\n<p><\/p>","protected":false},"excerpt":{"rendered":"<p>Actividades divertidas, accesibles y pensadas para disfrutar juntos. En los alrededores de Son Manx\u00e9 hay opciones para todas las edades, desde parque acu\u00e1ticos hasta cuevas impresionantes. Parques acu\u00e1ticos Palma Aquarium [&hellip;]<\/p>\n","protected":false},"author":1,"featured_media":0,"parent":0,"menu_order":0,"comment_status":"closed","ping_status":"closed","template":"","meta":{"site-sidebar-layout":"default","site-content-layout":"","ast-site-content-layout":"default","site-content-style":"default","site-sidebar-style":"default","ast-global-header-display":"","ast-banner-title-visibility":"","ast-main-header-display":"","ast-hfb-above-header-display":"","ast-hfb-below-header-display":"","ast-hfb-mobile-header-display":"","site-post-title":"","ast-breadcrumbs-content":"","ast-featured-img":"","footer-sml-layout":"","ast-disable-related-posts":"","theme-transparent-header-meta":"","adv-header-id-meta":"","stick-header-meta":"","header-above-stick-meta":"","header-main-stick-meta":"","header-below-stick-meta":"","astra-migrate-meta-layouts":"default","ast-page-background-enabled":"default","ast-page-background-meta":{"desktop":{"background-color":"var(--ast-global-color-5)","background-image":"","background-repeat":"repeat","background-position":"center center","background-size":"auto","background-attachment":"scroll","background-type":"","background-media":"","overlay-type":"","overlay-color":"","overlay-opacity":"","overlay-gradient":""},"tablet":{"background-color":"","background-image":"","background-repeat":"repeat","background-position":"center center","background-size":"auto","background-attachment":"scroll","background-type":"","background-media":"","overlay-type":"","overlay-color":"","overlay-opacity":"","overlay-gradient":""},"mobile":{"background-color":"","background-image":"","background-repeat":"repeat","background-position":"center center","background-size":"auto","background-attachment":"scroll","background-type":"","background-media":"","overlay-type":"","overlay-color":"","overlay-opacity":"","overlay-gradient":""}},"ast-content-background-meta":{"desktop":{"background-color":"var(--ast-global-color-4)","background-image":"","background-repeat":"repeat","background-position":"center center","background-size":"auto","background-attachment":"scroll","background-type":"","background-media":"","overlay-type":"","overlay-color":"","overlay-opacity":"","overlay-gradient":""},"tablet":{"background-color":"var(--ast-global-color-4)","background-image":"","background-repeat":"repeat","background-position":"center center","background-size":"auto","background-attachment":"scroll","background-type":"","background-media":"","overlay-type":"","overlay-color":"","overlay-opacity":"","overlay-gradient":""},"mobile":{"background-color":"var(--ast-global-color-4)","background-image":"","background-repeat":"repeat","background-position":"center center","background-size":"auto","background-attachment":"scroll","background-type":"","background-media":"","overlay-type":"","overlay-color":"","overlay-opacity":"","overlay-gradient":""}},"footnotes":""},"class_list":["post-447","page","type-page","status-publish","hentry"],"_links":{"self":[{"href":"https:\/\/www.sonmanxe.com\/de\/wp-json\/wp\/v2\/pages\/447","targetHints":{"allow":["GET"]}}],"collection":[{"href":"https:\/\/www.sonmanxe.com\/de\/wp-json\/wp\/v2\/pages"}],"about":[{"href":"https:\/\/www.sonmanxe.com\/de\/wp-json\/wp\/v2\/types\/page"}],"author":[{"embeddable":true,"href":"https:\/\/www.sonmanxe.com\/de\/wp-json\/wp\/v2\/users\/1"}],"replies":[{"embeddable":true,"href":"https:\/\/www.sonmanxe.com\/de\/wp-json\/wp\/v2\/comments?post=447"}],"version-history":[{"count":6,"href":"https:\/\/www.sonmanxe.com\/de\/wp-json\/wp\/v2\/pages\/447\/revisions"}],"predecessor-version":[{"id":497,"href":"https:\/\/www.sonmanxe.com\/de\/wp-json\/wp\/v2\/pages\/447\/revisions\/497"}],"wp:attachment":[{"href":"https:\/\/www.sonmanxe.com\/de\/wp-json\/wp\/v2\/media?parent=447"}],"curies":[{"name":"wp","href":"https:\/\/api.w.org\/{rel}","templated":true}]}}