{"id":329,"date":"2026-02-08T19:43:31","date_gmt":"2026-02-08T18:43:31","guid":{"rendered":"https:\/\/www.sonmanxe.com\/?page_id=329"},"modified":"2026-02-08T19:43:32","modified_gmt":"2026-02-08T18:43:32","slug":"pueblos","status":"publish","type":"page","link":"https:\/\/www.sonmanxe.com\/de\/pueblos\/","title":{"rendered":"Pueblos"},"content":{"rendered":"<p class=\"has-large-font-size\">Descubre los pueblos m\u00e1s encantadores y las atracciones que no te puedes perder en Mallorca<\/p>\n\n\n\n<p>Mallorca es mucho m\u00e1s que playas. Sus pueblos de piedra, mercados tradicionales y monta\u00f1as esconden rincones llenos de historia y encanto. Aqu\u00ed te dejamos algunos de nuestros favoritos para descubrir durante tu estancia.<\/p>\n\n\n\n<p><\/p>","protected":false},"excerpt":{"rendered":"<p>Descubre los pueblos m\u00e1s encantadores y las atracciones que no te puedes perder en Mallorca Mallorca es mucho m\u00e1s que playas. Sus pueblos de piedra, mercados tradicionales y monta\u00f1as esconden [&hellip;]<\/p>\n","protected":false},"author":1,"featured_media":0,"parent":0,"menu_order":0,"comment_status":"closed","ping_status":"closed","template":"","meta":{"site-sidebar-layout":"default","site-content-layout":"","ast-site-content-layout":"default","site-content-style":"default","site-sidebar-style":"default","ast-global-header-display":"","ast-banner-title-visibility":"","ast-main-header-display":"","ast-hfb-above-header-display":"","ast-hfb-below-header-display":"","ast-hfb-mobile-header-display":"","site-post-title":"disabled","ast-breadcrumbs-content":"","ast-featured-img":"","footer-sml-layout":"","ast-disable-related-posts":"","theme-transparent-header-meta":"","adv-header-id-meta":"","stick-header-meta":"","header-above-stick-meta":"","header-main-stick-meta":"","header-below-stick-meta":"","astra-migrate-meta-layouts":"default","ast-page-background-enabled":"default","ast-page-background-meta":{"desktop":{"background-color":"var(--ast-global-color-5)","background-image":"","background-repeat":"repeat","background-position":"center center","background-size":"auto","background-attachment":"scroll","background-type":"","background-media":"","overlay-type":"","overlay-color":"","overlay-opacity":"","overlay-gradient":""},"tablet":{"background-color":"","background-image":"","background-repeat":"repeat","background-position":"center center","background-size":"auto","background-attachment":"scroll","background-type":"","background-media":"","overlay-type":"","overlay-color":"","overlay-opacity":"","overlay-gradient":""},"mobile":{"background-color":"","background-image":"","background-repeat":"repeat","background-position":"center center","background-size":"auto","background-attachment":"scroll","background-type":"","background-media":"","overlay-type":"","overlay-color":"","overlay-opacity":"","overlay-gradient":""}},"ast-content-background-meta":{"desktop":{"background-color":"var(--ast-global-color-4)","background-image":"","background-repeat":"repeat","background-position":"center center","background-size":"auto","background-attachment":"scroll","background-type":"","background-media":"","overlay-type":"","overlay-color":"","overlay-opacity":"","overlay-gradient":""},"tablet":{"background-color":"var(--ast-global-color-4)","background-image":"","background-repeat":"repeat","background-position":"center center","background-size":"auto","background-attachment":"scroll","background-type":"","background-media":"","overlay-type":"","overlay-color":"","overlay-opacity":"","overlay-gradient":""},"mobile":{"background-color":"var(--ast-global-color-4)","background-image":"","background-repeat":"repeat","background-position":"center center","background-size":"auto","background-attachment":"scroll","background-type":"","background-media":"","overlay-type":"","overlay-color":"","overlay-opacity":"","overlay-gradient":""}},"footnotes":""},"class_list":["post-329","page","type-page","status-publish","hentry"],"_links":{"self":[{"href":"https:\/\/www.sonmanxe.com\/de\/wp-json\/wp\/v2\/pages\/329","targetHints":{"allow":["GET"]}}],"collection":[{"href":"https:\/\/www.sonmanxe.com\/de\/wp-json\/wp\/v2\/pages"}],"about":[{"href":"https:\/\/www.sonmanxe.com\/de\/wp-json\/wp\/v2\/types\/page"}],"author":[{"embeddable":true,"href":"https:\/\/www.sonmanxe.com\/de\/wp-json\/wp\/v2\/users\/1"}],"replies":[{"embeddable":true,"href":"https:\/\/www.sonmanxe.com\/de\/wp-json\/wp\/v2\/comments?post=329"}],"version-history":[{"count":4,"href":"https:\/\/www.sonmanxe.com\/de\/wp-json\/wp\/v2\/pages\/329\/revisions"}],"predecessor-version":[{"id":451,"href":"https:\/\/www.sonmanxe.com\/de\/wp-json\/wp\/v2\/pages\/329\/revisions\/451"}],"wp:attachment":[{"href":"https:\/\/www.sonmanxe.com\/de\/wp-json\/wp\/v2\/media?parent=329"}],"curies":[{"name":"wp","href":"https:\/\/api.w.org\/{rel}","templated":true}]}}