{"id":325,"date":"2026-02-02T19:06:54","date_gmt":"2026-02-02T18:06:54","guid":{"rendered":"https:\/\/www.sonmanxe.com\/?page_id=325"},"modified":"2026-02-02T19:10:42","modified_gmt":"2026-02-02T18:10:42","slug":"playas-y-calas","status":"publish","type":"page","link":"https:\/\/www.sonmanxe.com\/de\/playas-y-calas\/","title":{"rendered":"Playas"},"content":{"rendered":"<h2 class=\"wp-block-heading\">Playas y calas que enamoran<\/h2>\n\n\n\n<p>Un recorrido por las aguas m\u00e1s bonitas del este de Mallorca<\/p>\n\n\n\n<hr class=\"wp-block-separator has-alpha-channel-opacity\"\/>\n\n\n\n<h2 class=\"wp-block-heading\">Cala Varques<\/h2>\n\n\n\n<p>Un para\u00edso salvaje, sin servicios y rodeado de naturaleza. Perfecta para quienes buscan desconexi\u00f3n total y un paisaje que parece intacto. El camino hasta llegar forma parte de la experiencia. <\/p>\n\n\n\n<h2 class=\"wp-block-heading\">Cala Rom\u00e1ntica<\/h2>\n\n\n\n<p>Aguas tranquilas, arena fina y un ambiente familiar. Ideal para pasar el d\u00eda sin prisas, disfrutar del sol y darse un buen ba\u00f1o en un entorno c\u00f3modo y accesible. <\/p>\n\n\n\n<h2 class=\"wp-block-heading\">Cala Anguila<\/h2>\n\n\n\n<p>Peque\u00f1a, acogedora y con un color de agua que enamora. Un rinc\u00f3n perfecto para quienes buscan un d\u00eda de playa relajado sin alejarse demasiado. <\/p>\n\n\n\n<h2 class=\"wp-block-heading\">Cala Mendia<\/h2>\n\n\n\n<p>Amplia, luminosa y con un tono turquesa que brilla incluso en los d\u00edas nublados. Una opci\u00f3n fant\u00e1stica para disfrutar del mar con espacio y comodidad. <\/p>\n\n\n\n<p>Muy pronto podr\u00e1s ver recomendaciones detalladas, fotos, accesos, consejos y los mejores momentos del d\u00eda para visitar cada una. <\/p>","protected":false},"excerpt":{"rendered":"<p>Playas y calas que enamoran Un recorrido por las aguas m\u00e1s bonitas del este de Mallorca Cala Varques Un para\u00edso salvaje, sin servicios y rodeado de naturaleza. Perfecta para quienes [&hellip;]<\/p>\n","protected":false},"author":1,"featured_media":0,"parent":0,"menu_order":0,"comment_status":"closed","ping_status":"closed","template":"","meta":{"site-sidebar-layout":"default","site-content-layout":"","ast-site-content-layout":"default","site-content-style":"default","site-sidebar-style":"default","ast-global-header-display":"","ast-banner-title-visibility":"","ast-main-header-display":"","ast-hfb-above-header-display":"","ast-hfb-below-header-display":"","ast-hfb-mobile-header-display":"","site-post-title":"disabled","ast-breadcrumbs-content":"","ast-featured-img":"","footer-sml-layout":"","ast-disable-related-posts":"","theme-transparent-header-meta":"","adv-header-id-meta":"","stick-header-meta":"","header-above-stick-meta":"","header-main-stick-meta":"","header-below-stick-meta":"","astra-migrate-meta-layouts":"default","ast-page-background-enabled":"default","ast-page-background-meta":{"desktop":{"background-color":"var(--ast-global-color-5)","background-image":"","background-repeat":"repeat","background-position":"center center","background-size":"auto","background-attachment":"scroll","background-type":"","background-media":"","overlay-type":"","overlay-color":"","overlay-opacity":"","overlay-gradient":""},"tablet":{"background-color":"","background-image":"","background-repeat":"repeat","background-position":"center center","background-size":"auto","background-attachment":"scroll","background-type":"","background-media":"","overlay-type":"","overlay-color":"","overlay-opacity":"","overlay-gradient":""},"mobile":{"background-color":"","background-image":"","background-repeat":"repeat","background-position":"center center","background-size":"auto","background-attachment":"scroll","background-type":"","background-media":"","overlay-type":"","overlay-color":"","overlay-opacity":"","overlay-gradient":""}},"ast-content-background-meta":{"desktop":{"background-color":"var(--ast-global-color-4)","background-image":"","background-repeat":"repeat","background-position":"center center","background-size":"auto","background-attachment":"scroll","background-type":"","background-media":"","overlay-type":"","overlay-color":"","overlay-opacity":"","overlay-gradient":""},"tablet":{"background-color":"var(--ast-global-color-4)","background-image":"","background-repeat":"repeat","background-position":"center center","background-size":"auto","background-attachment":"scroll","background-type":"","background-media":"","overlay-type":"","overlay-color":"","overlay-opacity":"","overlay-gradient":""},"mobile":{"background-color":"var(--ast-global-color-4)","background-image":"","background-repeat":"repeat","background-position":"center center","background-size":"auto","background-attachment":"scroll","background-type":"","background-media":"","overlay-type":"","overlay-color":"","overlay-opacity":"","overlay-gradient":""}},"footnotes":""},"class_list":["post-325","page","type-page","status-publish","hentry"],"_links":{"self":[{"href":"https:\/\/www.sonmanxe.com\/de\/wp-json\/wp\/v2\/pages\/325","targetHints":{"allow":["GET"]}}],"collection":[{"href":"https:\/\/www.sonmanxe.com\/de\/wp-json\/wp\/v2\/pages"}],"about":[{"href":"https:\/\/www.sonmanxe.com\/de\/wp-json\/wp\/v2\/types\/page"}],"author":[{"embeddable":true,"href":"https:\/\/www.sonmanxe.com\/de\/wp-json\/wp\/v2\/users\/1"}],"replies":[{"embeddable":true,"href":"https:\/\/www.sonmanxe.com\/de\/wp-json\/wp\/v2\/comments?post=325"}],"version-history":[{"count":3,"href":"https:\/\/www.sonmanxe.com\/de\/wp-json\/wp\/v2\/pages\/325\/revisions"}],"predecessor-version":[{"id":437,"href":"https:\/\/www.sonmanxe.com\/de\/wp-json\/wp\/v2\/pages\/325\/revisions\/437"}],"wp:attachment":[{"href":"https:\/\/www.sonmanxe.com\/de\/wp-json\/wp\/v2\/media?parent=325"}],"curies":[{"name":"wp","href":"https:\/\/api.w.org\/{rel}","templated":true}]}}