{"id":183,"date":"2025-03-11T19:35:00","date_gmt":"2025-03-11T18:35:00","guid":{"rendered":"https:\/\/sonmanxe.com\/?page_id=183"},"modified":"2026-03-16T20:02:13","modified_gmt":"2026-03-16T19:02:13","slug":"la-casa","status":"publish","type":"page","link":"https:\/\/www.sonmanxe.com\/de\/la-casa\/","title":{"rendered":"La Casa"},"content":{"rendered":"<p>Bienvenido a Son Manx\u00e9<\/p>\n\n\n\n<p>Son Manx\u00e9 es una casa rural mallorquina con alma. Un lugar tranquilo, rodeado de naturaleza, donde el tiempo pasa despacio y cada rinc\u00f3n invita a desconectar. Aqu\u00ed encontrar\u00e1s un espacio pensado para compartir momentos en familia o con amigos, descansar sin prisas y disfrutar de la esencia aut\u00e9ntica de la isla.<\/p>\n\n\n\n<p>Un hogar amplio y acogedor<\/p>\n\n\n\n<p>La casa est\u00e1 dise\u00f1ada para que sientas c\u00f3modo desde el primer instante. Sus estancias son luminosas, frescas y llenas de detalles que hacen que la experiencia sea c\u00e1lida y cercana. <\/p>\n\n\n\n<ul class=\"wp-block-list\">\n<li>Habitaciones amplias y confortables<\/li>\n\n\n\n<li>Sal\u00f3n acogedor para descansar o charlar<\/li>\n\n\n\n<li>Cocina totalmente equipada<\/li>\n\n\n\n<li>Ba\u00f1os pr\u00e1cticos y funcionales<\/li>\n\n\n\n<li>Espacios pensados para convivir y relajarse<\/li>\n<\/ul>\n\n\n\n<p>Zonas exteriores para disfrutar <\/p>\n\n\n\n<p>El exterior de Son Manx\u00e9 es uno de los mayores encantos. Aqu\u00ed podr\u00e1s respirar aire puro, tomar el sol, leer un libro o simplemente dejarte llevar por la calma del entorno.<\/p>\n\n\n\n<ul class=\"wp-block-list\">\n<li>Piscina privada rodeada de naturaleza, dispone de barrera para la seguridad de los m\u00e1s peque\u00f1os<\/li>\n\n\n\n<li>Terraza con zonas de sombra<\/li>\n\n\n\n<li>Espacios para comer al aire libre<\/li>\n\n\n\n<li>Rincones tranquilos para desconectar<\/li>\n\n\n\n<li>Un peque\u00f1o parque infantil para que los m\u00e1s peque\u00f1os jueguen con total seguridad<\/li>\n\n\n\n<li>Una mesa de ping pong para disfrutar en familia o entre amigos <\/li>\n<\/ul>\n\n\n\n<p>La esencia de Mallorca <\/p>\n\n\n\n<p>Son Manx\u00e9 est\u00e1 situada en un entorno privilegiado, cerca de pueblos con encanto, mercados tradicionales y rutas preciosas. Es el punto de partida perfecto para descubrir la Mallorca m\u00e1s aut\u00e9ntica, esa que se vive sin prisas y con el coraz\u00f3n abierto.<\/p>\n\n\n\n<p>Tu refugio en la isla <\/p>\n\n\n\n<p>Queremos que tu estancia sea especial. Que descanses, que disfrutes y que te lleves recuerdos bonitos. Son Manx\u00e9 es un hogar para compartir, re\u00edr, desconectar y sentirte bien.<\/p>\n\n\n\n<p>Te esperamos con los brazos abiertos.<\/p>","protected":false},"excerpt":{"rendered":"<p>Bienvenido a Son Manx\u00e9 Son Manx\u00e9 es una casa rural mallorquina con alma. Un lugar tranquilo, rodeado de naturaleza, donde el tiempo pasa despacio y cada rinc\u00f3n invita a desconectar. [&hellip;]<\/p>\n","protected":false},"author":1,"featured_media":0,"parent":0,"menu_order":0,"comment_status":"closed","ping_status":"closed","template":"","meta":{"site-sidebar-layout":"default","site-content-layout":"","ast-site-content-layout":"default","site-content-style":"default","site-sidebar-style":"default","ast-global-header-display":"","ast-banner-title-visibility":"","ast-main-header-display":"","ast-hfb-above-header-display":"","ast-hfb-below-header-display":"","ast-hfb-mobile-header-display":"","site-post-title":"disabled","ast-breadcrumbs-content":"","ast-featured-img":"","footer-sml-layout":"","ast-disable-related-posts":"","theme-transparent-header-meta":"","adv-header-id-meta":"","stick-header-meta":"","header-above-stick-meta":"","header-main-stick-meta":"","header-below-stick-meta":"","astra-migrate-meta-layouts":"default","ast-page-background-enabled":"default","ast-page-background-meta":{"desktop":{"background-color":"var(--ast-global-color-5)","background-image":"","background-repeat":"repeat","background-position":"center center","background-size":"auto","background-attachment":"scroll","background-type":"","background-media":"","overlay-type":"","overlay-color":"","overlay-opacity":"","overlay-gradient":""},"tablet":{"background-color":"","background-image":"","background-repeat":"repeat","background-position":"center center","background-size":"auto","background-attachment":"scroll","background-type":"","background-media":"","overlay-type":"","overlay-color":"","overlay-opacity":"","overlay-gradient":""},"mobile":{"background-color":"","background-image":"","background-repeat":"repeat","background-position":"center center","background-size":"auto","background-attachment":"scroll","background-type":"","background-media":"","overlay-type":"","overlay-color":"","overlay-opacity":"","overlay-gradient":""}},"ast-content-background-meta":{"desktop":{"background-color":"var(--ast-global-color-4)","background-image":"","background-repeat":"repeat","background-position":"center center","background-size":"auto","background-attachment":"scroll","background-type":"","background-media":"","overlay-type":"","overlay-color":"","overlay-opacity":"","overlay-gradient":""},"tablet":{"background-color":"var(--ast-global-color-4)","background-image":"","background-repeat":"repeat","background-position":"center center","background-size":"auto","background-attachment":"scroll","background-type":"","background-media":"","overlay-type":"","overlay-color":"","overlay-opacity":"","overlay-gradient":""},"mobile":{"background-color":"var(--ast-global-color-4)","background-image":"","background-repeat":"repeat","background-position":"center center","background-size":"auto","background-attachment":"scroll","background-type":"","background-media":"","overlay-type":"","overlay-color":"","overlay-opacity":"","overlay-gradient":""}},"footnotes":""},"class_list":["post-183","page","type-page","status-publish","hentry"],"_links":{"self":[{"href":"https:\/\/www.sonmanxe.com\/de\/wp-json\/wp\/v2\/pages\/183","targetHints":{"allow":["GET"]}}],"collection":[{"href":"https:\/\/www.sonmanxe.com\/de\/wp-json\/wp\/v2\/pages"}],"about":[{"href":"https:\/\/www.sonmanxe.com\/de\/wp-json\/wp\/v2\/types\/page"}],"author":[{"embeddable":true,"href":"https:\/\/www.sonmanxe.com\/de\/wp-json\/wp\/v2\/users\/1"}],"replies":[{"embeddable":true,"href":"https:\/\/www.sonmanxe.com\/de\/wp-json\/wp\/v2\/comments?post=183"}],"version-history":[{"count":4,"href":"https:\/\/www.sonmanxe.com\/de\/wp-json\/wp\/v2\/pages\/183\/revisions"}],"predecessor-version":[{"id":425,"href":"https:\/\/www.sonmanxe.com\/de\/wp-json\/wp\/v2\/pages\/183\/revisions\/425"}],"wp:attachment":[{"href":"https:\/\/www.sonmanxe.com\/de\/wp-json\/wp\/v2\/media?parent=183"}],"curies":[{"name":"wp","href":"https:\/\/api.w.org\/{rel}","templated":true}]}}